{"id":2,"date":"2023-02-07T07:09:03","date_gmt":"2023-02-07T07:09:03","guid":{"rendered":"http:\/\/woodeka.com\/?page_id=2"},"modified":"2023-04-04T12:11:49","modified_gmt":"2023-04-04T10:11:49","slug":"titulinis","status":"publish","type":"page","link":"https:\/\/www.woodeka.com\/en\/","title":{"rendered":"Titulinis"},"content":{"rendered":"<div data-elementor-type=\"wp-page\" data-elementor-id=\"2\" class=\"elementor elementor-2\">\n\t\t\t\t\t\t<section class=\"elementor-section elementor-top-section elementor-element elementor-element-77a0358c elementor-section-height-min-height elementor-section-boxed elementor-section-height-default elementor-section-items-middle\" data-id=\"77a0358c\" data-element_type=\"section\" data-e-type=\"section\" data-settings=\"{&quot;background_background&quot;:&quot;classic&quot;}\">\n\t\t\t\t\t\t<div class=\"elementor-container elementor-column-gap-no\">\n\t\t\t\t\t<div class=\"elementor-column elementor-col-100 elementor-top-column elementor-element elementor-element-3145671\" data-id=\"3145671\" data-element_type=\"column\" data-e-type=\"column\">\n\t\t\t<div class=\"elementor-widget-wrap elementor-element-populated\">\n\t\t\t\t\t\t<div class=\"elementor-element elementor-element-767be47 elementor-widget elementor-widget-heading\" data-id=\"767be47\" data-element_type=\"widget\" data-e-type=\"widget\" data-widget_type=\"heading.default\">\n\t\t\t\t<div class=\"elementor-widget-container\">\n\t\t\t\t\t<h1 class=\"elementor-heading-title elementor-size-default\">Patik\u0117kite da\u017eymo paslaugas mums!<\/h1>\t\t\t\t<\/div>\n\t\t\t\t<\/div>\n\t\t\t\t<div class=\"elementor-element elementor-element-b92184a elementor-widget__width-initial elementor-widget elementor-widget-text-editor\" data-id=\"b92184a\" data-element_type=\"widget\" data-e-type=\"widget\" data-widget_type=\"text-editor.default\">\n\t\t\t\t<div class=\"elementor-widget-container\">\n\t\t\t\t\t\t\t\t\t<p><strong>Esame pasiruo\u0161\u0119 bendradarbiauti!<\/strong><\/p>\t\t\t\t\t\t\t\t<\/div>\n\t\t\t\t<\/div>\n\t\t\t\t<div class=\"elementor-element elementor-element-dba735c elementor-align-left elementor-widget elementor-widget-button\" data-id=\"dba735c\" data-element_type=\"widget\" data-e-type=\"widget\" data-widget_type=\"button.default\">\n\t\t\t\t<div class=\"elementor-widget-container\">\n\t\t\t\t\t\t\t\t\t<div class=\"elementor-button-wrapper\">\n\t\t\t\t\t<a class=\"elementor-button elementor-button-link elementor-size-sm\" href=\"\/en\/kontaktai\/\">\n\t\t\t\t\t\t<span class=\"elementor-button-content-wrapper\">\n\t\t\t\t\t\t<span class=\"elementor-button-icon\">\n\t\t\t\t<i aria-hidden=\"true\" class=\"fas fa-long-arrow-alt-right\"><\/i>\t\t\t<\/span>\n\t\t\t\t\t\t\t\t\t<span class=\"elementor-button-text\">Susisiekti<\/span>\n\t\t\t\t\t<\/span>\n\t\t\t\t\t<\/a>\n\t\t\t\t<\/div>\n\t\t\t\t\t\t\t\t<\/div>\n\t\t\t\t<\/div>\n\t\t\t\t\t<\/div>\n\t\t<\/div>\n\t\t\t\t\t<\/div>\n\t\t<\/section>\n\t\t\t\t<section class=\"elementor-section elementor-top-section elementor-element elementor-element-ef822fd elementor-section-full_width elementor-section-height-default elementor-section-height-default\" data-id=\"ef822fd\" data-element_type=\"section\" data-e-type=\"section\">\n\t\t\t\t\t\t<div class=\"elementor-container elementor-column-gap-no\">\n\t\t\t\t\t<div class=\"elementor-column elementor-col-50 elementor-top-column elementor-element elementor-element-cb0f2d7\" data-id=\"cb0f2d7\" data-element_type=\"column\" data-e-type=\"column\" data-settings=\"{&quot;background_background&quot;:&quot;classic&quot;}\">\n\t\t\t<div class=\"elementor-widget-wrap\">\n\t\t\t\t\t\t\t<\/div>\n\t\t<\/div>\n\t\t\t\t<div class=\"elementor-column elementor-col-50 elementor-top-column elementor-element elementor-element-37af5ec\" data-id=\"37af5ec\" data-element_type=\"column\" data-e-type=\"column\" data-settings=\"{&quot;background_background&quot;:&quot;classic&quot;}\">\n\t\t\t<div class=\"elementor-widget-wrap elementor-element-populated\">\n\t\t\t\t\t\t<div class=\"elementor-element elementor-element-95358d1 elementor-widget__width-initial elementor-widget elementor-widget-text-editor\" data-id=\"95358d1\" data-element_type=\"widget\" data-e-type=\"widget\" data-widget_type=\"text-editor.default\">\n\t\t\t\t<div class=\"elementor-widget-container\">\n\t\t\t\t\t\t\t\t\t<p>MDF DA\u017dYMO PASLAUGOS<\/p>\t\t\t\t\t\t\t\t<\/div>\n\t\t\t\t<\/div>\n\t\t\t\t<div class=\"elementor-element elementor-element-58cd325 elementor-widget__width-initial elementor-widget elementor-widget-heading\" data-id=\"58cd325\" data-element_type=\"widget\" data-e-type=\"widget\" data-widget_type=\"heading.default\">\n\t\t\t\t<div class=\"elementor-widget-container\">\n\t\t\t\t\t<h2 class=\"elementor-heading-title elementor-size-default\">Da\u017eymo proceso metu naudojame tik auk\u0161\u010diausios kokyb\u0117s da\u017eus ir kitas priemones bei pa\u017eangiausi\u0105 da\u017eymo \u012frang\u0105.<\/h2>\t\t\t\t<\/div>\n\t\t\t\t<\/div>\n\t\t\t\t<div class=\"elementor-element elementor-element-9e46a1d elementor-widget__width-initial elementor-align-center elementor-widget elementor-widget-button\" data-id=\"9e46a1d\" data-element_type=\"widget\" data-e-type=\"widget\" data-widget_type=\"button.default\">\n\t\t\t\t<div class=\"elementor-widget-container\">\n\t\t\t\t\t\t\t\t\t<div class=\"elementor-button-wrapper\">\n\t\t\t\t\t<a class=\"elementor-button elementor-button-link elementor-size-sm\" href=\"https:\/\/www.woodeka.com\/en\/dazymo-paslaugos\/\">\n\t\t\t\t\t\t<span class=\"elementor-button-content-wrapper\">\n\t\t\t\t\t\t<span class=\"elementor-button-icon\">\n\t\t\t\t<i aria-hidden=\"true\" class=\"fas fa-long-arrow-alt-right\"><\/i>\t\t\t<\/span>\n\t\t\t\t\t\t\t\t\t<span class=\"elementor-button-text\">Pla\u010diau<\/span>\n\t\t\t\t\t<\/span>\n\t\t\t\t\t<\/a>\n\t\t\t\t<\/div>\n\t\t\t\t\t\t\t\t<\/div>\n\t\t\t\t<\/div>\n\t\t\t\t\t<\/div>\n\t\t<\/div>\n\t\t\t\t\t<\/div>\n\t\t<\/section>\n\t\t\t\t<section class=\"elementor-section elementor-top-section elementor-element elementor-element-2af6dff elementor-section-full_width elementor-section-height-default elementor-section-height-default\" data-id=\"2af6dff\" data-element_type=\"section\" data-e-type=\"section\" data-settings=\"{&quot;background_background&quot;:&quot;classic&quot;}\">\n\t\t\t\t\t\t<div class=\"elementor-container elementor-column-gap-no\">\n\t\t\t\t\t<div class=\"elementor-column elementor-col-50 elementor-top-column elementor-element elementor-element-a9151f4\" data-id=\"a9151f4\" data-element_type=\"column\" data-e-type=\"column\" data-settings=\"{&quot;background_background&quot;:&quot;classic&quot;}\">\n\t\t\t<div class=\"elementor-widget-wrap\">\n\t\t\t\t\t\t\t<\/div>\n\t\t<\/div>\n\t\t\t\t<div class=\"elementor-column elementor-col-50 elementor-top-column elementor-element elementor-element-d7bf17a\" data-id=\"d7bf17a\" data-element_type=\"column\" data-e-type=\"column\" data-settings=\"{&quot;background_background&quot;:&quot;classic&quot;}\">\n\t\t\t<div class=\"elementor-widget-wrap elementor-element-populated\">\n\t\t\t\t\t\t<div class=\"elementor-element elementor-element-e5081d0 elementor-widget__width-initial elementor-widget elementor-widget-text-editor\" data-id=\"e5081d0\" data-element_type=\"widget\" data-e-type=\"widget\" data-widget_type=\"text-editor.default\">\n\t\t\t\t<div class=\"elementor-widget-container\">\n\t\t\t\t\t\t\t\t\t<p>MDF PJOVIMO IR FREZAVIMO PASLAUGOS<\/p>\t\t\t\t\t\t\t\t<\/div>\n\t\t\t\t<\/div>\n\t\t\t\t<div class=\"elementor-element elementor-element-2ae7a06 elementor-widget__width-initial elementor-widget elementor-widget-heading\" data-id=\"2ae7a06\" data-element_type=\"widget\" data-e-type=\"widget\" data-widget_type=\"heading.default\">\n\t\t\t\t<div class=\"elementor-widget-container\">\n\t\t\t\t\t<h2 class=\"elementor-heading-title elementor-size-default\">MDF ir kit\u0173 lak\u0161tini\u0173 med\u017eiag\u0173 apdorojimo procese naudojame ypatingai tiksl\u0173 apdirbimo rezultat\u0105 garantuojan\u010dias CNC frezavimo stakles.<\/h2>\t\t\t\t<\/div>\n\t\t\t\t<\/div>\n\t\t\t\t<div class=\"elementor-element elementor-element-187dffa elementor-widget__width-initial elementor-align-center elementor-widget elementor-widget-button\" data-id=\"187dffa\" data-element_type=\"widget\" data-e-type=\"widget\" data-widget_type=\"button.default\">\n\t\t\t\t<div class=\"elementor-widget-container\">\n\t\t\t\t\t\t\t\t\t<div class=\"elementor-button-wrapper\">\n\t\t\t\t\t<a class=\"elementor-button elementor-button-link elementor-size-sm\" href=\"https:\/\/www.woodeka.com\/en\/mdf-frezavimas\/\">\n\t\t\t\t\t\t<span class=\"elementor-button-content-wrapper\">\n\t\t\t\t\t\t<span class=\"elementor-button-icon\">\n\t\t\t\t<i aria-hidden=\"true\" class=\"fas fa-long-arrow-alt-right\"><\/i>\t\t\t<\/span>\n\t\t\t\t\t\t\t\t\t<span class=\"elementor-button-text\">Pla\u010diau<\/span>\n\t\t\t\t\t<\/span>\n\t\t\t\t\t<\/a>\n\t\t\t\t<\/div>\n\t\t\t\t\t\t\t\t<\/div>\n\t\t\t\t<\/div>\n\t\t\t\t\t<\/div>\n\t\t<\/div>\n\t\t\t\t\t<\/div>\n\t\t<\/section>\n\t\t\t\t<section class=\"elementor-section elementor-top-section elementor-element elementor-element-36cc8f5 elementor-section-full_width elementor-section-height-default elementor-section-height-default\" data-id=\"36cc8f5\" data-element_type=\"section\" data-e-type=\"section\">\n\t\t\t\t\t\t<div class=\"elementor-container elementor-column-gap-no\">\n\t\t\t\t\t<div class=\"elementor-column elementor-col-100 elementor-top-column elementor-element elementor-element-ca2fbd9\" data-id=\"ca2fbd9\" data-element_type=\"column\" data-e-type=\"column\">\n\t\t\t<div class=\"elementor-widget-wrap elementor-element-populated\">\n\t\t\t\t\t\t<div class=\"elementor-element elementor-element-e4832e4 elementor-widget__width-initial elementor-widget elementor-widget-heading\" data-id=\"e4832e4\" data-element_type=\"widget\" data-e-type=\"widget\" data-widget_type=\"heading.default\">\n\t\t\t\t<div class=\"elementor-widget-container\">\n\t\t\t\t\t<h2 class=\"elementor-heading-title elementor-size-default\">M\u016bs\u0173 teikiamos paslaugos<\/h2>\t\t\t\t<\/div>\n\t\t\t\t<\/div>\n\t\t\t\t<section class=\"elementor-section elementor-inner-section elementor-element elementor-element-c9f90fe elementor-section-boxed elementor-section-height-default elementor-section-height-default\" data-id=\"c9f90fe\" data-element_type=\"section\" data-e-type=\"section\">\n\t\t\t\t\t\t<div class=\"elementor-container elementor-column-gap-default\">\n\t\t\t\t\t<div class=\"elementor-column elementor-col-33 elementor-inner-column elementor-element elementor-element-f5e3b77\" data-id=\"f5e3b77\" data-element_type=\"column\" data-e-type=\"column\" data-settings=\"{&quot;background_background&quot;:&quot;classic&quot;}\">\n\t\t\t<div class=\"elementor-widget-wrap elementor-element-populated\">\n\t\t\t\t\t<div class=\"elementor-background-overlay\"><\/div>\n\t\t\t\t\t\t<div class=\"elementor-element elementor-element-4a33f4f elementor-view-default elementor-widget elementor-widget-icon\" data-id=\"4a33f4f\" data-element_type=\"widget\" data-e-type=\"widget\" data-widget_type=\"icon.default\">\n\t\t\t\t<div class=\"elementor-widget-container\">\n\t\t\t\t\t\t\t<div class=\"elementor-icon-wrapper\">\n\t\t\t<a class=\"elementor-icon\" href=\"https:\/\/www.woodeka.com\/en\/dazymo-paslaugos\/\">\n\t\t\t<i aria-hidden=\"true\" class=\"fas fa-spray-can\"><\/i>\t\t\t<\/a>\n\t\t<\/div>\n\t\t\t\t\t\t<\/div>\n\t\t\t\t<\/div>\n\t\t\t\t<div class=\"elementor-element elementor-element-fd78ea1 elementor-widget elementor-widget-heading\" data-id=\"fd78ea1\" data-element_type=\"widget\" data-e-type=\"widget\" data-widget_type=\"heading.default\">\n\t\t\t\t<div class=\"elementor-widget-container\">\n\t\t\t\t\t<h3 class=\"elementor-heading-title elementor-size-default\"><a href=\"https:\/\/www.woodeka.com\/en\/dazymo-paslaugos\/\">Da\u017eymo paslaugos<\/a><\/h3>\t\t\t\t<\/div>\n\t\t\t\t<\/div>\n\t\t\t\t\t<\/div>\n\t\t<\/div>\n\t\t\t\t<div class=\"elementor-column elementor-col-33 elementor-inner-column elementor-element elementor-element-e2abf89\" data-id=\"e2abf89\" data-element_type=\"column\" data-e-type=\"column\" data-settings=\"{&quot;background_background&quot;:&quot;classic&quot;}\">\n\t\t\t<div class=\"elementor-widget-wrap elementor-element-populated\">\n\t\t\t\t\t\t<div class=\"elementor-element elementor-element-a1ef75b elementor-view-default elementor-widget elementor-widget-icon\" data-id=\"a1ef75b\" data-element_type=\"widget\" data-e-type=\"widget\" data-widget_type=\"icon.default\">\n\t\t\t\t<div class=\"elementor-widget-container\">\n\t\t\t\t\t\t\t<div class=\"elementor-icon-wrapper\">\n\t\t\t<a class=\"elementor-icon\" href=\"https:\/\/www.woodeka.com\/en\/mdf-frezavimas\/\">\n\t\t\t<i aria-hidden=\"true\" class=\"fab fa-firstdraft\"><\/i>\t\t\t<\/a>\n\t\t<\/div>\n\t\t\t\t\t\t<\/div>\n\t\t\t\t<\/div>\n\t\t\t\t<div class=\"elementor-element elementor-element-b791baa elementor-widget elementor-widget-heading\" data-id=\"b791baa\" data-element_type=\"widget\" data-e-type=\"widget\" data-widget_type=\"heading.default\">\n\t\t\t\t<div class=\"elementor-widget-container\">\n\t\t\t\t\t<h3 class=\"elementor-heading-title elementor-size-default\"><a href=\"https:\/\/www.woodeka.com\/en\/mdf-frezavimas\/\">MDF plok\u0161\u010di\u0173 frezavimas, pjovimas<\/a><\/h3>\t\t\t\t<\/div>\n\t\t\t\t<\/div>\n\t\t\t\t\t<\/div>\n\t\t<\/div>\n\t\t\t\t<div class=\"elementor-column elementor-col-33 elementor-inner-column elementor-element elementor-element-50f65c9\" data-id=\"50f65c9\" data-element_type=\"column\" data-e-type=\"column\" data-settings=\"{&quot;background_background&quot;:&quot;classic&quot;}\">\n\t\t\t<div class=\"elementor-widget-wrap elementor-element-populated\">\n\t\t\t\t\t\t<div class=\"elementor-element elementor-element-8be4b3b elementor-view-default elementor-widget elementor-widget-icon\" data-id=\"8be4b3b\" data-element_type=\"widget\" data-e-type=\"widget\" data-widget_type=\"icon.default\">\n\t\t\t\t<div class=\"elementor-widget-container\">\n\t\t\t\t\t\t\t<div class=\"elementor-icon-wrapper\">\n\t\t\t<a class=\"elementor-icon\" href=\"https:\/\/www.woodeka.com\/en\/apie-mus\/\">\n\t\t\t<i aria-hidden=\"true\" class=\"fas fa-swatchbook\"><\/i>\t\t\t<\/a>\n\t\t<\/div>\n\t\t\t\t\t\t<\/div>\n\t\t\t\t<\/div>\n\t\t\t\t<div class=\"elementor-element elementor-element-f9c74ff elementor-widget elementor-widget-heading\" data-id=\"f9c74ff\" data-element_type=\"widget\" data-e-type=\"widget\" data-widget_type=\"heading.default\">\n\t\t\t\t<div class=\"elementor-widget-container\">\n\t\t\t\t\t<h3 class=\"elementor-heading-title elementor-size-default\"><a href=\"https:\/\/www.woodeka.com\/en\/apie-mus\/\">Splav\u0173 parinkimas ir konsultavimas<\/a><\/h3>\t\t\t\t<\/div>\n\t\t\t\t<\/div>\n\t\t\t\t\t<\/div>\n\t\t<\/div>\n\t\t\t\t\t<\/div>\n\t\t<\/section>\n\t\t\t\t\t<\/div>\n\t\t<\/div>\n\t\t\t\t\t<\/div>\n\t\t<\/section>\n\t\t\t\t<section class=\"elementor-section elementor-top-section elementor-element elementor-element-91aec9c elementor-section-boxed elementor-section-height-default elementor-section-height-default\" data-id=\"91aec9c\" data-element_type=\"section\" data-e-type=\"section\" data-settings=\"{&quot;background_background&quot;:&quot;classic&quot;}\">\n\t\t\t\t\t\t<div class=\"elementor-container elementor-column-gap-no\">\n\t\t\t\t\t<div class=\"elementor-column elementor-col-100 elementor-top-column elementor-element elementor-element-9f5cc07\" data-id=\"9f5cc07\" data-element_type=\"column\" data-e-type=\"column\">\n\t\t\t<div class=\"elementor-widget-wrap elementor-element-populated\">\n\t\t\t\t\t\t<div class=\"elementor-element elementor-element-e2dcca9 elementor-widget__width-initial elementor-widget elementor-widget-heading\" data-id=\"e2dcca9\" data-element_type=\"widget\" data-e-type=\"widget\" data-widget_type=\"heading.default\">\n\t\t\t\t<div class=\"elementor-widget-container\">\n\t\t\t\t\t<h2 class=\"elementor-heading-title elementor-size-default\">Esame pasiruo\u0161\u0119 bendradarbiauti su j\u016bs\u0173 \u012fmone ir operatyviai \u012fgyvendinti bendrus projektus!<\/h2>\t\t\t\t<\/div>\n\t\t\t\t<\/div>\n\t\t\t\t<div class=\"elementor-element elementor-element-9421e45 elementor-align-center elementor-widget elementor-widget-button\" data-id=\"9421e45\" data-element_type=\"widget\" data-e-type=\"widget\" data-widget_type=\"button.default\">\n\t\t\t\t<div class=\"elementor-widget-container\">\n\t\t\t\t\t\t\t\t\t<div class=\"elementor-button-wrapper\">\n\t\t\t\t\t<a class=\"elementor-button elementor-button-link elementor-size-sm\" href=\"https:\/\/www.woodeka.com\/en\/apie-mus\/\">\n\t\t\t\t\t\t<span class=\"elementor-button-content-wrapper\">\n\t\t\t\t\t\t<span class=\"elementor-button-icon\">\n\t\t\t\t<i aria-hidden=\"true\" class=\"fas fa-long-arrow-alt-right\"><\/i>\t\t\t<\/span>\n\t\t\t\t\t\t\t\t\t<span class=\"elementor-button-text\">Pla\u010diau<\/span>\n\t\t\t\t\t<\/span>\n\t\t\t\t\t<\/a>\n\t\t\t\t<\/div>\n\t\t\t\t\t\t\t\t<\/div>\n\t\t\t\t<\/div>\n\t\t\t\t\t<\/div>\n\t\t<\/div>\n\t\t\t\t\t<\/div>\n\t\t<\/section>\n\t\t\t\t<section class=\"elementor-section elementor-top-section elementor-element elementor-element-e91da66 elementor-section-boxed elementor-section-height-default elementor-section-height-default\" data-id=\"e91da66\" data-element_type=\"section\" data-e-type=\"section\">\n\t\t\t\t\t\t<div class=\"elementor-container elementor-column-gap-no\">\n\t\t\t\t\t<div class=\"elementor-column elementor-col-100 elementor-top-column elementor-element elementor-element-6677005\" data-id=\"6677005\" data-element_type=\"column\" data-e-type=\"column\">\n\t\t\t<div class=\"elementor-widget-wrap elementor-element-populated\">\n\t\t\t\t\t\t<div class=\"elementor-element elementor-element-ee442b8 elementor-widget-tablet__width-initial elementor-widget elementor-widget-heading\" data-id=\"ee442b8\" data-element_type=\"widget\" data-e-type=\"widget\" data-widget_type=\"heading.default\">\n\t\t\t\t<div class=\"elementor-widget-container\">\n\t\t\t\t\t<h2 class=\"elementor-heading-title elementor-size-default\">Frezavimo katalogas<\/h2>\t\t\t\t<\/div>\n\t\t\t\t<\/div>\n\t\t\t\t<div class=\"elementor-element elementor-element-b094b3b elementor-align-center elementor-widget elementor-widget-button\" data-id=\"b094b3b\" data-element_type=\"widget\" data-e-type=\"widget\" data-widget_type=\"button.default\">\n\t\t\t\t<div class=\"elementor-widget-container\">\n\t\t\t\t\t\t\t\t\t<div class=\"elementor-button-wrapper\">\n\t\t\t\t\t<a class=\"elementor-button elementor-button-link elementor-size-sm\" href=\"\/wp-content\/uploads\/2023\/02\/Frezavimo-katalogas.pdf\" target=\"_blank\">\n\t\t\t\t\t\t<span class=\"elementor-button-content-wrapper\">\n\t\t\t\t\t\t<span class=\"elementor-button-icon\">\n\t\t\t\t<i aria-hidden=\"true\" class=\"fas fa-long-arrow-alt-right\"><\/i>\t\t\t<\/span>\n\t\t\t\t\t\t\t\t\t<span class=\"elementor-button-text\">Parsisi\u0173sti<\/span>\n\t\t\t\t\t<\/span>\n\t\t\t\t\t<\/a>\n\t\t\t\t<\/div>\n\t\t\t\t\t\t\t\t<\/div>\n\t\t\t\t<\/div>\n\t\t\t\t\t<\/div>\n\t\t<\/div>\n\t\t\t\t\t<\/div>\n\t\t<\/section>\n\t\t\t\t<\/div>","protected":false},"excerpt":{"rendered":"<p>Patik\u0117kite da\u017eymo paslaugas mums! Esame pasiruo\u0161\u0119 bendradarbiauti! Susisiekti MDF DA\u017dYMO PASLAUGOS Da\u017eymo proceso metu naudojame tik auk\u0161\u010diausios kokyb\u0117s da\u017eus ir kitas priemones bei pa\u017eangiausi\u0105 da\u017eymo \u012frang\u0105. Pla\u010diau MDF PJOVIMO IR FREZAVIMO PASLAUGOS MDF ir kit\u0173 lak\u0161tini\u0173 med\u017eiag\u0173 apdorojimo procese naudojame ypatingai tiksl\u0173 apdirbimo rezultat\u0105 garantuojan\u010dias CNC frezavimo stakles. Pla\u010diau M\u016bs\u0173 teikiamos paslaugos Da\u017eymo paslaugos MDF [&hellip;]<\/p>\n","protected":false},"author":1,"featured_media":0,"parent":0,"menu_order":0,"comment_status":"closed","ping_status":"open","template":"page-templates\/fullwidth-content.php","meta":{"inline_featured_image":false,"footnotes":""},"class_list":["post-2","page","type-page","status-publish","hentry"],"yoast_head":"<!-- This site is optimized with the Yoast SEO plugin v27.4 - https:\/\/yoast.com\/product\/yoast-seo-wordpress\/ -->\n<title>Titulinis - Da\u017eymo Paslaugos | MDF da\u017eymas, frezavimas | \u0160iauliai<\/title>\n<meta name=\"description\" content=\"Titulinis - Apie m\u016bs\u0173 teikiamas MDF plok\u0161\u010di\u0173, metalo, stiklo da\u017eymo paslaugas milteliniu b\u016bdu. MDF frezavimas, beicavimas, lakavimas. \u0160iauliai\" \/>\n<meta name=\"robots\" content=\"index, follow, max-snippet:-1, max-image-preview:large, max-video-preview:-1\" \/>\n<link rel=\"canonical\" href=\"https:\/\/www.woodeka.com\/en\/\" \/>\n<meta property=\"og:locale\" content=\"en_GB\" \/>\n<meta property=\"og:type\" content=\"article\" \/>\n<meta property=\"og:title\" content=\"Titulinis - Da\u017eymo Paslaugos | MDF da\u017eymas, frezavimas | \u0160iauliai\" \/>\n<meta property=\"og:description\" content=\"Titulinis - Apie m\u016bs\u0173 teikiamas MDF plok\u0161\u010di\u0173, metalo, stiklo da\u017eymo paslaugas milteliniu b\u016bdu. MDF frezavimas, beicavimas, lakavimas. \u0160iauliai\" \/>\n<meta property=\"og:url\" content=\"https:\/\/www.woodeka.com\/en\/\" \/>\n<meta property=\"og:site_name\" content=\"Da\u017eymo Paslaugos\" \/>\n<meta property=\"article:modified_time\" content=\"2023-04-04T10:11:49+00:00\" \/>\n<meta name=\"twitter:card\" content=\"summary_large_image\" \/>\n<meta name=\"twitter:label1\" content=\"Estimated reading time\" \/>\n\t<meta name=\"twitter:data1\" content=\"1 minute\" \/>\n<script type=\"application\/ld+json\" class=\"yoast-schema-graph\">{\"@context\":\"https:\\\/\\\/schema.org\",\"@graph\":[{\"@type\":\"WebPage\",\"@id\":\"https:\\\/\\\/www.woodeka.com\\\/\",\"url\":\"https:\\\/\\\/www.woodeka.com\\\/\",\"name\":\"Titulinis - Da\u017eymo Paslaugos | MDF da\u017eymas, frezavimas | \u0160iauliai\",\"isPartOf\":{\"@id\":\"https:\\\/\\\/www.woodeka.com\\\/#website\"},\"datePublished\":\"2023-02-07T07:09:03+00:00\",\"dateModified\":\"2023-04-04T10:11:49+00:00\",\"description\":\"Titulinis - Apie m\u016bs\u0173 teikiamas MDF plok\u0161\u010di\u0173, metalo, stiklo da\u017eymo paslaugas milteliniu b\u016bdu. MDF frezavimas, beicavimas, lakavimas. \u0160iauliai\",\"inLanguage\":\"en-GB\",\"potentialAction\":[{\"@type\":\"ReadAction\",\"target\":[\"https:\\\/\\\/www.woodeka.com\\\/\"]}]},{\"@type\":\"WebSite\",\"@id\":\"https:\\\/\\\/www.woodeka.com\\\/#website\",\"url\":\"https:\\\/\\\/www.woodeka.com\\\/\",\"name\":\"Da\u017eymo Paslaugos\",\"description\":\"MDF da\u017eymas, MDF pjovimas ir frezavimas\",\"publisher\":{\"@id\":\"https:\\\/\\\/www.woodeka.com\\\/#organization\"},\"potentialAction\":[{\"@type\":\"SearchAction\",\"target\":{\"@type\":\"EntryPoint\",\"urlTemplate\":\"https:\\\/\\\/www.woodeka.com\\\/?s={search_term_string}\"},\"query-input\":{\"@type\":\"PropertyValueSpecification\",\"valueRequired\":true,\"valueName\":\"search_term_string\"}}],\"inLanguage\":\"en-GB\"},{\"@type\":\"Organization\",\"@id\":\"https:\\\/\\\/www.woodeka.com\\\/#organization\",\"name\":\"Da\u017eymo Paslaugos\",\"url\":\"https:\\\/\\\/www.woodeka.com\\\/\",\"logo\":{\"@type\":\"ImageObject\",\"inLanguage\":\"en-GB\",\"@id\":\"https:\\\/\\\/www.woodeka.com\\\/#\\\/schema\\\/logo\\\/image\\\/\",\"url\":\"https:\\\/\\\/www.woodeka.com\\\/wp-content\\\/uploads\\\/2023\\\/04\\\/Woodeka-PNG.png\",\"contentUrl\":\"https:\\\/\\\/www.woodeka.com\\\/wp-content\\\/uploads\\\/2023\\\/04\\\/Woodeka-PNG.png\",\"width\":2385,\"height\":1101,\"caption\":\"Da\u017eymo Paslaugos\"},\"image\":{\"@id\":\"https:\\\/\\\/www.woodeka.com\\\/#\\\/schema\\\/logo\\\/image\\\/\"}}]}<\/script>\n<!-- \/ Yoast SEO plugin. -->","yoast_head_json":{"title":"Titulinis - Da\u017eymo Paslaugos | MDF da\u017eymas, frezavimas | \u0160iauliai","description":"Titulinis - Apie m\u016bs\u0173 teikiamas MDF plok\u0161\u010di\u0173, metalo, stiklo da\u017eymo paslaugas milteliniu b\u016bdu. MDF frezavimas, beicavimas, lakavimas. \u0160iauliai","robots":{"index":"index","follow":"follow","max-snippet":"max-snippet:-1","max-image-preview":"max-image-preview:large","max-video-preview":"max-video-preview:-1"},"canonical":"https:\/\/www.woodeka.com\/en\/","og_locale":"en_GB","og_type":"article","og_title":"Titulinis - Da\u017eymo Paslaugos | MDF da\u017eymas, frezavimas | \u0160iauliai","og_description":"Titulinis - Apie m\u016bs\u0173 teikiamas MDF plok\u0161\u010di\u0173, metalo, stiklo da\u017eymo paslaugas milteliniu b\u016bdu. MDF frezavimas, beicavimas, lakavimas. \u0160iauliai","og_url":"https:\/\/www.woodeka.com\/en\/","og_site_name":"Da\u017eymo Paslaugos","article_modified_time":"2023-04-04T10:11:49+00:00","twitter_card":"summary_large_image","twitter_misc":{"Estimated reading time":"1 minute"},"schema":{"@context":"https:\/\/schema.org","@graph":[{"@type":"WebPage","@id":"https:\/\/www.woodeka.com\/","url":"https:\/\/www.woodeka.com\/","name":"Titulinis - Da\u017eymo Paslaugos | MDF da\u017eymas, frezavimas | \u0160iauliai","isPartOf":{"@id":"https:\/\/www.woodeka.com\/#website"},"datePublished":"2023-02-07T07:09:03+00:00","dateModified":"2023-04-04T10:11:49+00:00","description":"Titulinis - Apie m\u016bs\u0173 teikiamas MDF plok\u0161\u010di\u0173, metalo, stiklo da\u017eymo paslaugas milteliniu b\u016bdu. MDF frezavimas, beicavimas, lakavimas. \u0160iauliai","inLanguage":"en-GB","potentialAction":[{"@type":"ReadAction","target":["https:\/\/www.woodeka.com\/"]}]},{"@type":"WebSite","@id":"https:\/\/www.woodeka.com\/#website","url":"https:\/\/www.woodeka.com\/","name":"Da\u017eymo Paslaugos","description":"MDF da\u017eymas, MDF pjovimas ir frezavimas","publisher":{"@id":"https:\/\/www.woodeka.com\/#organization"},"potentialAction":[{"@type":"SearchAction","target":{"@type":"EntryPoint","urlTemplate":"https:\/\/www.woodeka.com\/?s={search_term_string}"},"query-input":{"@type":"PropertyValueSpecification","valueRequired":true,"valueName":"search_term_string"}}],"inLanguage":"en-GB"},{"@type":"Organization","@id":"https:\/\/www.woodeka.com\/#organization","name":"Da\u017eymo Paslaugos","url":"https:\/\/www.woodeka.com\/","logo":{"@type":"ImageObject","inLanguage":"en-GB","@id":"https:\/\/www.woodeka.com\/#\/schema\/logo\/image\/","url":"https:\/\/www.woodeka.com\/wp-content\/uploads\/2023\/04\/Woodeka-PNG.png","contentUrl":"https:\/\/www.woodeka.com\/wp-content\/uploads\/2023\/04\/Woodeka-PNG.png","width":2385,"height":1101,"caption":"Da\u017eymo Paslaugos"},"image":{"@id":"https:\/\/www.woodeka.com\/#\/schema\/logo\/image\/"}}]}},"_links":{"self":[{"href":"https:\/\/www.woodeka.com\/en\/wp-json\/wp\/v2\/pages\/2","targetHints":{"allow":["GET"]}}],"collection":[{"href":"https:\/\/www.woodeka.com\/en\/wp-json\/wp\/v2\/pages"}],"about":[{"href":"https:\/\/www.woodeka.com\/en\/wp-json\/wp\/v2\/types\/page"}],"author":[{"embeddable":true,"href":"https:\/\/www.woodeka.com\/en\/wp-json\/wp\/v2\/users\/1"}],"replies":[{"embeddable":true,"href":"https:\/\/www.woodeka.com\/en\/wp-json\/wp\/v2\/comments?post=2"}],"version-history":[{"count":277,"href":"https:\/\/www.woodeka.com\/en\/wp-json\/wp\/v2\/pages\/2\/revisions"}],"predecessor-version":[{"id":992,"href":"https:\/\/www.woodeka.com\/en\/wp-json\/wp\/v2\/pages\/2\/revisions\/992"}],"wp:attachment":[{"href":"https:\/\/www.woodeka.com\/en\/wp-json\/wp\/v2\/media?parent=2"}],"curies":[{"name":"wp","href":"https:\/\/api.w.org\/{rel}","templated":true}]}}