{"id":151,"date":"2023-02-08T00:58:09","date_gmt":"2023-02-07T22:58:09","guid":{"rendered":"http:\/\/woodeka.com\/?page_id=151"},"modified":"2024-01-31T08:48:04","modified_gmt":"2024-01-31T06:48:04","slug":"kontaktai","status":"publish","type":"page","link":"https:\/\/www.woodeka.com\/en\/kontaktai\/","title":{"rendered":"Kontaktai"},"content":{"rendered":"<div data-elementor-type=\"wp-page\" data-elementor-id=\"151\" class=\"elementor elementor-151\">\n\t\t\t\t\t\t<section class=\"elementor-section elementor-top-section elementor-element elementor-element-19348bf elementor-section-boxed elementor-section-height-default elementor-section-height-default\" data-id=\"19348bf\" data-element_type=\"section\" data-e-type=\"section\" data-settings=\"{&quot;background_background&quot;:&quot;classic&quot;}\">\n\t\t\t\t\t\t<div class=\"elementor-container elementor-column-gap-no\">\n\t\t\t\t\t<div class=\"elementor-column elementor-col-100 elementor-top-column elementor-element elementor-element-962153a\" data-id=\"962153a\" data-element_type=\"column\" data-e-type=\"column\">\n\t\t\t<div class=\"elementor-widget-wrap elementor-element-populated\">\n\t\t\t\t\t\t<div class=\"elementor-element elementor-element-18dd57a elementor-widget__width-initial elementor-widget elementor-widget-heading\" data-id=\"18dd57a\" data-element_type=\"widget\" data-e-type=\"widget\" data-widget_type=\"heading.default\">\n\t\t\t\t<div class=\"elementor-widget-container\">\n\t\t\t\t\t<h1 class=\"elementor-heading-title elementor-size-default\">Susisiekite su mumis!<\/h1>\t\t\t\t<\/div>\n\t\t\t\t<\/div>\n\t\t\t\t<div class=\"elementor-element elementor-element-ebcfa01 elementor-widget__width-initial elementor-widget elementor-widget-text-editor\" data-id=\"ebcfa01\" data-element_type=\"widget\" data-e-type=\"widget\" data-widget_type=\"text-editor.default\">\n\t\t\t\t<div class=\"elementor-widget-container\">\n\t\t\t\t\t\t\t\t\t<p>\u012e J\u016bs\u0173 u\u017eklaus\u0105 atsakysime operatyviai<\/p>\t\t\t\t\t\t\t\t<\/div>\n\t\t\t\t<\/div>\n\t\t\t\t<div class=\"elementor-element elementor-element-970622b web-wpcf7-form elementor-widget elementor-widget-shortcode\" data-id=\"970622b\" data-element_type=\"widget\" data-e-type=\"widget\" data-widget_type=\"shortcode.default\">\n\t\t\t\t<div class=\"elementor-widget-container\">\n\t\t\t\t\t\t\t<div class=\"elementor-shortcode\">\n<div class=\"wpcf7 no-js\" id=\"wpcf7-f9-o1\" lang=\"lt-LT\" dir=\"ltr\" data-wpcf7-id=\"9\">\n<div class=\"screen-reader-response\"><p role=\"status\" aria-live=\"polite\" aria-atomic=\"true\"><\/p> <ul><\/ul><\/div>\n<form action=\"\/en\/wp-json\/wp\/v2\/pages\/151#wpcf7-f9-o1\" method=\"post\" class=\"wpcf7-form init\" aria-label=\"Kontakt\u0173 forma\" novalidate=\"novalidate\" data-status=\"init\" data-trp-original-action=\"\/en\/wp-json\/wp\/v2\/pages\/151#wpcf7-f9-o1\">\n<fieldset class=\"hidden-fields-container\"><input type=\"hidden\" name=\"_wpcf7\" value=\"9\" \/><input type=\"hidden\" name=\"_wpcf7_version\" value=\"6.1.5\" \/><input type=\"hidden\" name=\"_wpcf7_locale\" value=\"lt_LT\" \/><input type=\"hidden\" name=\"_wpcf7_unit_tag\" value=\"wpcf7-f9-o1\" \/><input type=\"hidden\" name=\"_wpcf7_container_post\" value=\"0\" \/><input type=\"hidden\" name=\"_wpcf7_posted_data_hash\" value=\"\" \/>\n<\/fieldset>\n<div class=\"block\">\n\t<div class=\"column\">\n\t\t<p><label> <span class=\"wpcf7-form-control-wrap\" data-name=\"your-name\"><input size=\"40\" maxlength=\"400\" class=\"wpcf7-form-control wpcf7-text wpcf7-validates-as-required\" autocomplete=\"name\" aria-required=\"true\" aria-invalid=\"false\" placeholder=\"J\u016bs\u0173 vardas\" value=\"\" type=\"text\" name=\"your-name\" \/><\/span> <\/label>\n\t\t<\/p>\n\t<\/div>\n\t<div class=\"column\">\n\t\t<p><label> <span class=\"wpcf7-form-control-wrap\" data-name=\"your-email\"><input size=\"40\" maxlength=\"400\" class=\"wpcf7-form-control wpcf7-email wpcf7-validates-as-required wpcf7-text wpcf7-validates-as-email\" autocomplete=\"email\" aria-required=\"true\" aria-invalid=\"false\" placeholder=\"J\u016bs\u0173 el. pa\u0161tas\" value=\"\" type=\"email\" name=\"your-email\" \/><\/span> <\/label>\n\t\t<\/p>\n\t<\/div>\n<\/div>\n<div class=\"block\">\n\t<div class=\"column\">\n\t\t<p><label> <span class=\"wpcf7-form-control-wrap\" data-name=\"your-phone-no\"><input size=\"40\" maxlength=\"400\" class=\"wpcf7-form-control wpcf7-text wpcf7-validates-as-required\" aria-required=\"true\" aria-invalid=\"false\" placeholder=\"J\u016bs\u0173 Tel. numeris\" value=\"\" type=\"text\" name=\"your-phone-no\" \/><\/span> <\/label>\n\t\t<\/p>\n\t<\/div>\n\t<div class=\"column\">\n\t\t<p><label> <span class=\"wpcf7-form-control-wrap\" data-name=\"your-subject\"><input size=\"40\" maxlength=\"400\" class=\"wpcf7-form-control wpcf7-text wpcf7-validates-as-required\" aria-required=\"true\" aria-invalid=\"false\" placeholder=\"Tema\" value=\"\" type=\"text\" name=\"your-subject\" \/><\/span> <\/label>\n\t\t<\/p>\n\t<\/div>\n<\/div>\n<p><label> <span class=\"wpcf7-form-control-wrap\" data-name=\"your-message\"><textarea cols=\"40\" rows=\"10\" maxlength=\"2000\" class=\"wpcf7-form-control wpcf7-textarea\" aria-invalid=\"false\" placeholder=\"J\u016bs\u0173 prane\u0161imas\" name=\"your-message\"><\/textarea><\/span> <\/label>\n<\/p>\n<div class=\"description\">\n\t<p>U\u017epildydami \u0161i\u0105 form\u0105 j\u016bs sutinkate su m\u016bs\u0173 <a href=\"https:\/\/www.woodeka.com\/en\/privatumo-politika\/\">Privatumo Politika<\/a>, \u012fskaitant slapuk\u0173 naudojim\u0105.\n\t<\/p>\n<\/div>\n<div style=\"text-align: center;\">\n\t<p><input class=\"wpcf7-form-control wpcf7-submit has-spinner\" type=\"submit\" value=\"Pateikti\" \/>\n\t<\/p>\n<\/div><div class=\"wpcf7-response-output\" aria-hidden=\"true\"><\/div>\n<input type=\"hidden\" name=\"trp-form-language\" value=\"en\"\/><\/form>\n<\/div>\n<\/div>\n\t\t\t\t\t\t<\/div>\n\t\t\t\t<\/div>\n\t\t\t\t\t<\/div>\n\t\t<\/div>\n\t\t\t\t\t<\/div>\n\t\t<\/section>\n\t\t\t\t<section class=\"elementor-section elementor-top-section elementor-element elementor-element-6629e2c elementor-section-full_width elementor-section-height-default elementor-section-height-default\" data-id=\"6629e2c\" data-element_type=\"section\" data-e-type=\"section\">\n\t\t\t\t\t\t<div class=\"elementor-container elementor-column-gap-no\">\n\t\t\t\t\t<div class=\"elementor-column elementor-col-100 elementor-top-column elementor-element elementor-element-7f4c6d4\" data-id=\"7f4c6d4\" data-element_type=\"column\" data-e-type=\"column\">\n\t\t\t<div class=\"elementor-widget-wrap elementor-element-populated\">\n\t\t\t\t\t\t<div class=\"elementor-element elementor-element-496c019 elementor-widget elementor-widget-google_maps\" data-id=\"496c019\" data-element_type=\"widget\" data-e-type=\"widget\" data-widget_type=\"google_maps.default\">\n\t\t\t\t<div class=\"elementor-widget-container\">\n\t\t\t\t\t\t\t<div class=\"elementor-custom-embed\">\n\t\t\t<iframe loading=\"lazy\"\n\t\t\t\t\tsrc=\"https:\/\/maps.google.com\/maps?q=Pakruojo%20g.32.%20%C5%A0iauliai&#038;t=m&#038;z=16&#038;output=embed&#038;iwloc=near\"\n\t\t\t\t\ttitle=\"Pakruojo g.32. \u0160iauliai\"\n\t\t\t\t\taria-label=\"Pakruojo g.32. \u0160iauliai\"\n\t\t\t><\/iframe>\n\t\t<\/div>\n\t\t\t\t\t\t<\/div>\n\t\t\t\t<\/div>\n\t\t\t\t\t<\/div>\n\t\t<\/div>\n\t\t\t\t\t<\/div>\n\t\t<\/section>\n\t\t\t\t<\/div>","protected":false},"excerpt":{"rendered":"<p>Susisiekite su mumis! \u012e J\u016bs\u0173 u\u017eklaus\u0105 atsakysime operatyviai<\/p>","protected":false},"author":1,"featured_media":0,"parent":0,"menu_order":0,"comment_status":"closed","ping_status":"closed","template":"page-templates\/fullwidth-content.php","meta":{"inline_featured_image":false,"footnotes":""},"class_list":["post-151","page","type-page","status-publish","hentry"],"yoast_head":"<!-- This site is optimized with the Yoast SEO plugin v27.5 - https:\/\/yoast.com\/product\/yoast-seo-wordpress\/ -->\n<title>Kontaktai - Da\u017eymo Paslaugos | MDF da\u017eymas, beicavimas \u0160iauliai<\/title>\n<meta name=\"description\" content=\"Kontaktai: UAB Woodeka tel.: +37064838818, MDF plok\u0161\u010di\u0173 da\u017eymas, beicavimas, lakavimas, frezavimas \u0160iauliai , el.p: info@woodeka.com\" \/>\n<meta name=\"robots\" content=\"index, follow, max-snippet:-1, max-image-preview:large, max-video-preview:-1\" \/>\n<link rel=\"canonical\" href=\"https:\/\/www.woodeka.com\/en\/kontaktai\/\" \/>\n<meta property=\"og:locale\" content=\"en_GB\" \/>\n<meta property=\"og:type\" content=\"article\" \/>\n<meta property=\"og:title\" content=\"Kontaktai - Da\u017eymo Paslaugos | MDF da\u017eymas, beicavimas \u0160iauliai\" \/>\n<meta property=\"og:description\" content=\"Kontaktai: UAB Woodeka tel.: +37064838818, MDF plok\u0161\u010di\u0173 da\u017eymas, beicavimas, lakavimas, frezavimas \u0160iauliai , el.p: info@woodeka.com\" \/>\n<meta property=\"og:url\" content=\"https:\/\/www.woodeka.com\/en\/kontaktai\/\" \/>\n<meta property=\"og:site_name\" content=\"Da\u017eymo Paslaugos\" \/>\n<meta property=\"article:modified_time\" content=\"2024-01-31T06:48:04+00:00\" \/>\n<meta name=\"twitter:card\" content=\"summary_large_image\" \/>\n<meta name=\"twitter:label1\" content=\"Estimated reading time\" \/>\n\t<meta name=\"twitter:data1\" content=\"1 minute\" \/>\n<script type=\"application\/ld+json\" class=\"yoast-schema-graph\">{\"@context\":\"https:\\\/\\\/schema.org\",\"@graph\":[{\"@type\":\"WebPage\",\"@id\":\"https:\\\/\\\/www.woodeka.com\\\/kontaktai\\\/\",\"url\":\"https:\\\/\\\/www.woodeka.com\\\/kontaktai\\\/\",\"name\":\"Kontaktai - Da\u017eymo Paslaugos | MDF da\u017eymas, beicavimas \u0160iauliai\",\"isPartOf\":{\"@id\":\"https:\\\/\\\/www.woodeka.com\\\/#website\"},\"datePublished\":\"2023-02-07T22:58:09+00:00\",\"dateModified\":\"2024-01-31T06:48:04+00:00\",\"description\":\"Kontaktai: UAB Woodeka tel.: +37064838818, MDF plok\u0161\u010di\u0173 da\u017eymas, beicavimas, lakavimas, frezavimas \u0160iauliai , el.p: info@woodeka.com\",\"inLanguage\":\"en-GB\",\"potentialAction\":[{\"@type\":\"ReadAction\",\"target\":[\"https:\\\/\\\/www.woodeka.com\\\/kontaktai\\\/\"]}]},{\"@type\":\"WebSite\",\"@id\":\"https:\\\/\\\/www.woodeka.com\\\/#website\",\"url\":\"https:\\\/\\\/www.woodeka.com\\\/\",\"name\":\"Da\u017eymo Paslaugos\",\"description\":\"MDF da\u017eymas, MDF pjovimas ir frezavimas\",\"publisher\":{\"@id\":\"https:\\\/\\\/www.woodeka.com\\\/#organization\"},\"potentialAction\":[{\"@type\":\"SearchAction\",\"target\":{\"@type\":\"EntryPoint\",\"urlTemplate\":\"https:\\\/\\\/www.woodeka.com\\\/?s={search_term_string}\"},\"query-input\":{\"@type\":\"PropertyValueSpecification\",\"valueRequired\":true,\"valueName\":\"search_term_string\"}}],\"inLanguage\":\"en-GB\"},{\"@type\":\"Organization\",\"@id\":\"https:\\\/\\\/www.woodeka.com\\\/#organization\",\"name\":\"Da\u017eymo Paslaugos\",\"url\":\"https:\\\/\\\/www.woodeka.com\\\/\",\"logo\":{\"@type\":\"ImageObject\",\"inLanguage\":\"en-GB\",\"@id\":\"https:\\\/\\\/www.woodeka.com\\\/#\\\/schema\\\/logo\\\/image\\\/\",\"url\":\"https:\\\/\\\/www.woodeka.com\\\/wp-content\\\/uploads\\\/2023\\\/04\\\/Woodeka-PNG.png\",\"contentUrl\":\"https:\\\/\\\/www.woodeka.com\\\/wp-content\\\/uploads\\\/2023\\\/04\\\/Woodeka-PNG.png\",\"width\":2385,\"height\":1101,\"caption\":\"Da\u017eymo Paslaugos\"},\"image\":{\"@id\":\"https:\\\/\\\/www.woodeka.com\\\/#\\\/schema\\\/logo\\\/image\\\/\"}}]}<\/script>\n<!-- \/ Yoast SEO plugin. -->","yoast_head_json":{"title":"Kontaktai - Da\u017eymo Paslaugos | MDF da\u017eymas, beicavimas \u0160iauliai","description":"Kontaktai: UAB Woodeka tel.: +37064838818, MDF plok\u0161\u010di\u0173 da\u017eymas, beicavimas, lakavimas, frezavimas \u0160iauliai , el.p: info@woodeka.com","robots":{"index":"index","follow":"follow","max-snippet":"max-snippet:-1","max-image-preview":"max-image-preview:large","max-video-preview":"max-video-preview:-1"},"canonical":"https:\/\/www.woodeka.com\/en\/kontaktai\/","og_locale":"en_GB","og_type":"article","og_title":"Kontaktai - Da\u017eymo Paslaugos | MDF da\u017eymas, beicavimas \u0160iauliai","og_description":"Kontaktai: UAB Woodeka tel.: +37064838818, MDF plok\u0161\u010di\u0173 da\u017eymas, beicavimas, lakavimas, frezavimas \u0160iauliai , el.p: info@woodeka.com","og_url":"https:\/\/www.woodeka.com\/en\/kontaktai\/","og_site_name":"Da\u017eymo Paslaugos","article_modified_time":"2024-01-31T06:48:04+00:00","twitter_card":"summary_large_image","twitter_misc":{"Estimated reading time":"1 minute"},"schema":{"@context":"https:\/\/schema.org","@graph":[{"@type":"WebPage","@id":"https:\/\/www.woodeka.com\/kontaktai\/","url":"https:\/\/www.woodeka.com\/kontaktai\/","name":"Kontaktai - Da\u017eymo Paslaugos | MDF da\u017eymas, beicavimas \u0160iauliai","isPartOf":{"@id":"https:\/\/www.woodeka.com\/#website"},"datePublished":"2023-02-07T22:58:09+00:00","dateModified":"2024-01-31T06:48:04+00:00","description":"Kontaktai: UAB Woodeka tel.: +37064838818, MDF plok\u0161\u010di\u0173 da\u017eymas, beicavimas, lakavimas, frezavimas \u0160iauliai , el.p: info@woodeka.com","inLanguage":"en-GB","potentialAction":[{"@type":"ReadAction","target":["https:\/\/www.woodeka.com\/kontaktai\/"]}]},{"@type":"WebSite","@id":"https:\/\/www.woodeka.com\/#website","url":"https:\/\/www.woodeka.com\/","name":"Da\u017eymo Paslaugos","description":"MDF da\u017eymas, MDF pjovimas ir frezavimas","publisher":{"@id":"https:\/\/www.woodeka.com\/#organization"},"potentialAction":[{"@type":"SearchAction","target":{"@type":"EntryPoint","urlTemplate":"https:\/\/www.woodeka.com\/?s={search_term_string}"},"query-input":{"@type":"PropertyValueSpecification","valueRequired":true,"valueName":"search_term_string"}}],"inLanguage":"en-GB"},{"@type":"Organization","@id":"https:\/\/www.woodeka.com\/#organization","name":"Da\u017eymo Paslaugos","url":"https:\/\/www.woodeka.com\/","logo":{"@type":"ImageObject","inLanguage":"en-GB","@id":"https:\/\/www.woodeka.com\/#\/schema\/logo\/image\/","url":"https:\/\/www.woodeka.com\/wp-content\/uploads\/2023\/04\/Woodeka-PNG.png","contentUrl":"https:\/\/www.woodeka.com\/wp-content\/uploads\/2023\/04\/Woodeka-PNG.png","width":2385,"height":1101,"caption":"Da\u017eymo Paslaugos"},"image":{"@id":"https:\/\/www.woodeka.com\/#\/schema\/logo\/image\/"}}]}},"_links":{"self":[{"href":"https:\/\/www.woodeka.com\/en\/wp-json\/wp\/v2\/pages\/151","targetHints":{"allow":["GET"]}}],"collection":[{"href":"https:\/\/www.woodeka.com\/en\/wp-json\/wp\/v2\/pages"}],"about":[{"href":"https:\/\/www.woodeka.com\/en\/wp-json\/wp\/v2\/types\/page"}],"author":[{"embeddable":true,"href":"https:\/\/www.woodeka.com\/en\/wp-json\/wp\/v2\/users\/1"}],"replies":[{"embeddable":true,"href":"https:\/\/www.woodeka.com\/en\/wp-json\/wp\/v2\/comments?post=151"}],"version-history":[{"count":46,"href":"https:\/\/www.woodeka.com\/en\/wp-json\/wp\/v2\/pages\/151\/revisions"}],"predecessor-version":[{"id":736,"href":"https:\/\/www.woodeka.com\/en\/wp-json\/wp\/v2\/pages\/151\/revisions\/736"}],"wp:attachment":[{"href":"https:\/\/www.woodeka.com\/en\/wp-json\/wp\/v2\/media?parent=151"}],"curies":[{"name":"wp","href":"https:\/\/api.w.org\/{rel}","templated":true}]}}